{"id":2170,"date":"2016-05-23T08:59:13","date_gmt":"2016-05-23T08:59:13","guid":{"rendered":"http:\/\/8theme.com\/import\/xstore\/?page_id=2170"},"modified":"2016-05-23T08:59:13","modified_gmt":"2016-05-23T08:59:13","slug":"home-default","status":"publish","type":"page","link":"https:\/\/novaflexisencao.com.br\/?page_id=2170","title":{"rendered":"Home default"},"content":{"rendered":"<p>[vc_row full_width=&#8221;stretch_row_content_no_spaces&#8221;][vc_column][etheme_slider height=&#8221;custom&#8221; nav_color=&#8221;#222222&#8243; slider_autoplay=&#8221;yes&#8221; slider_loop=&#8221;yes&#8221; height_value=&#8221;580px&#8221; bg_color=&#8221;#f9f7f8&#8243;][etheme_slider_item content_width=&#8221;50&#8243; v_align=&#8221;center&#8221; text_align=&#8221;center&#8221; background_position=&#8221;center&#8221; button_animation=&#8221;fadeIn&#8221; title_font_container=&#8221;tag:h2&#8243; title_use_theme_fonts=&#8221;yes&#8221; title_css_animation=&#8221;fadeInUp&#8221; subtitle_font_container=&#8221;tag:p&#8221; subtitle_use_theme_fonts=&#8221;yes&#8221; subtitle_css_animation=&#8221;fadeInUp&#8221; use_custom_fonts_title=&#8221;true&#8221; use_custom_fonts_subtitle=&#8221;true&#8221; title=&#8221;Summer\u2019s hot list&#8221; bg_img=&#8221;4354&#8243; size=&#8221;42px&#8221; subtitle=&#8221;Trend of the week: That &#8217;90s wow&#8221; button_link=&#8221;url:https%3A%2F%2Fxstore.8theme.com%2Fshop%2F|title:Buy%20it|target:%20_blank|&#8221; button_color=&#8221;#ffffff&#8221; button_bg=&#8221;#222222&#8243; subtitle_size=&#8221;16px&#8221; button_paddings=&#8221;10px 30px&#8221; button_margins=&#8221;18px 0px 0px 0px&#8221; line_height=&#8221;1.2&#8243; subtitle_line_height=&#8221;2.2&#8243; css=&#8221;.vc_custom_1534943230626{padding-top: 11vw !important;padding-bottom: 11vw !important;}&#8221; button_animation_delay=&#8221;500&#8243; subtitle_animation_delay=&#8221;300&#8243;][\/etheme_slider_item][etheme_slider_item content_width=&#8221;50&#8243; align=&#8221;end&#8221; v_align=&#8221;center&#8221; text_align=&#8221;center&#8221; background_position=&#8221;center&#8221; button_animation=&#8221;fadeIn&#8221; title_font_container=&#8221;tag:h2&#8243; title_use_theme_fonts=&#8221;yes&#8221; title_css_animation=&#8221;fadeInDown&#8221; subtitle_font_container=&#8221;tag:p&#8221; subtitle_use_theme_fonts=&#8221;yes&#8221; subtitle_css_animation=&#8221;fadeInDown&#8221; use_custom_fonts_title=&#8221;true&#8221; use_custom_fonts_subtitle=&#8221;true&#8221; title=&#8221;50% off all new collection!&#8221; bg_img=&#8221;4353&#8243; size=&#8221;42px&#8221; subtitle=&#8221;Meet the perfect glasses down to US$50&#8243; button_link=&#8221;url:https%3A%2F%2Fxstore.8theme.com%2Fshop%2F|title:Shop%20now|target:%20_blank|&#8221; button_color=&#8221;#ffffff&#8221; button_bg=&#8221;#222222&#8243; subtitle_size=&#8221;16px&#8221; css=&#8221;.vc_custom_1534943239507{padding-top: 11vw !important;padding-bottom: 11vw !important;}&#8221; button_paddings=&#8221;10px 30px&#8221; button_margins=&#8221;18px 0px 0px 0px&#8221; line_height=&#8221;1.2&#8243; subtitle_line_height=&#8221;2.2&#8243; button_animation_delay=&#8221;500&#8243; subtitle_animation_delay=&#8221;300&#8243;][\/etheme_slider_item][etheme_slider_item content_width=&#8221;50&#8243; align=&#8221;end&#8221; v_align=&#8221;center&#8221; text_align=&#8221;center&#8221; background_position=&#8221;center&#8221; button_animation=&#8221;fadeInUp&#8221; title_font_container=&#8221;tag:h2&#8243; title_use_theme_fonts=&#8221;yes&#8221; title_css_animation=&#8221;zoomIn&#8221; subtitle_font_container=&#8221;tag:p&#8221; subtitle_use_theme_fonts=&#8221;yes&#8221; subtitle_css_animation=&#8221;zoomIn&#8221; use_custom_fonts_title=&#8221;true&#8221; use_custom_fonts_subtitle=&#8221;true&#8221; title=&#8221;Trending this week&#8221; bg_img=&#8221;4355&#8243; size=&#8221;42px&#8221; subtitle=&#8221;Embrace black! Our signature colour. Discover the selection.&#8221; button_link=&#8221;url:https%3A%2F%2Fxstore.8theme.com%2Fshop%2F|title:See%20more|target:%20_blank|&#8221; button_color=&#8221;#ffffff&#8221; button_bg=&#8221;#222222&#8243; subtitle_size=&#8221;16px&#8221; css=&#8221;.vc_custom_1534942991466{padding-top: 11vw !important;padding-bottom: 11vw !important;}&#8221; button_paddings=&#8221;10px 30px&#8221; button_margins=&#8221;18px 0px 0px 0px&#8221; line_height=&#8221;1.2&#8243; subtitle_line_height=&#8221;2.2&#8243; button_animation_delay=&#8221;500&#8243; subtitle_animation_delay=&#8221;300&#8243;][\/etheme_slider_item][\/etheme_slider][\/vc_column][\/vc_row][vc_row][vc_column width=&#8221;1\/3&#8243; css=&#8221;.vc_custom_1533286937795{margin-top: 30px !important;}&#8221;][banner align=&#8221;center&#8221; valign=&#8221;middle&#8221; type=&#8221;2&#8243; font_style=&#8221;dark&#8221; responsive_fonts=&#8221;1&#8243; image_opacity=&#8221;1&#8243; image_opacity_on_hover=&#8221;1&#8243; title_font_container=&#8221;tag:h2&#8243; title_use_theme_fonts=&#8221;yes&#8221; use_custom_fonts_title=&#8221;true&#8221; title=&#8221;new collection&#8221; img=&#8221;4392&#8243; img_size=&#8221;full&#8221;]<a style=\"color: white; background-color: #222222; font-size: 12px; padding: 11px 30px; letter-spacing: 0.3px;\" href=\"#\" target=\"_blank\" rel=\"noopener noreferrer\">DISCOVERY MORE<\/a>[\/banner][\/vc_column][vc_column width=&#8221;1\/3&#8243; css=&#8221;.vc_custom_1533286898867{margin-top: 30px !important;}&#8221;][banner align=&#8221;center&#8221; valign=&#8221;middle&#8221; type=&#8221;3&#8243; font_style=&#8221;dark&#8221; responsive_fonts=&#8221;1&#8243; image_opacity=&#8221;1&#8243; image_opacity_on_hover=&#8221;1&#8243; title_font_container=&#8221;tag:h2&#8243; title_use_theme_fonts=&#8221;yes&#8221; use_custom_fonts_title=&#8221;true&#8221; title=&#8221;Comfort zone&#8221; img=&#8221;4390&#8243; img_size=&#8221;full&#8221; link=&#8221;|||&#8221;]<a style=\"color: white; background-color: #222222; font-size: 12px; padding: 11px 30px; letter-spacing: 0.3px;\" href=\"#\" target=\"_blank\" rel=\"noopener noreferrer\">DISCOVERY MORE<\/a>[\/banner][\/vc_column][vc_column width=&#8221;1\/3&#8243; css=&#8221;.vc_custom_1533286903473{margin-top: 30px !important;}&#8221;][banner align=&#8221;center&#8221; valign=&#8221;middle&#8221; type=&#8221;1&#8243; font_style=&#8221;dark&#8221; responsive_fonts=&#8221;1&#8243; image_opacity=&#8221;1&#8243; image_opacity_on_hover=&#8221;1&#8243; title=&#8221;new horizons&#8221; img=&#8221;4391&#8243; img_size=&#8221;full&#8221;][\/banner][\/vc_column][\/vc_row][vc_row css=&#8221;.vc_custom_1533287084421{margin-top: 18px !important;}&#8221;][vc_column][vc_custom_heading text=&#8221;Women\u2019s collection&#8221; font_container=&#8221;tag:h2|font_size:24px|text_align:center|line_height:1.6&#8243; use_theme_fonts=&#8221;yes&#8221; css=&#8221;.vc_custom_1533285001221{margin-top: 1vw !important;margin-bottom: 0px !important;}&#8221;][vc_column_text css=&#8221;.vc_custom_1533285013122{margin-bottom: 5px !important;}&#8221;]<\/p>\n<p style=\"text-align: center;\">Laboris nisi ut aliquip ex ea commodo consequat. Duis aute irure dolor.<\/p>\n<p>[\/vc_column_text][etheme_products product_view=&#8221;default&#8221; show_counter=&#8221;yes&#8221; orderby=&#8221;rand&#8221; ajax=&#8221;1&#8243; slider_loop=&#8221;yes&#8221; ids=&#8221;&#8221; limit=&#8221;8&#8243; large=&#8221;4&#8243; notebook=&#8221;4&#8243; tablet_land=&#8221;3&#8243; tablet_portrait=&#8221;2&#8243; mobile=&#8221;2&#8243;][\/vc_column][\/vc_row][vc_row css=&#8221;.vc_custom_1533287155496{margin-top: 18px !important;}&#8221;][vc_column][vc_custom_heading text=&#8221;Men\u2019s collection&#8221; font_container=&#8221;tag:h2|font_size:24px|text_align:center|line_height:1.6&#8243; use_theme_fonts=&#8221;yes&#8221; css=&#8221;.vc_custom_1533285984245{margin-top: 1vw !important;margin-bottom: 0px !important;}&#8221;][vc_column_text css=&#8221;.vc_custom_1533285013122{margin-bottom: 5px !important;}&#8221;]<\/p>\n<p style=\"text-align: center;\">Laboris nisi ut aliquip ex ea commodo consequat. Duis aute irure dolor.<\/p>\n<p>[\/vc_column_text][etheme_products product_view=&#8221;default&#8221; show_counter=&#8221;yes&#8221; orderby=&#8221;rand&#8221; ajax=&#8221;1&#8243; slider_loop=&#8221;yes&#8221; ids=&#8221;&#8221; limit=&#8221;8&#8243; large=&#8221;4&#8243; notebook=&#8221;4&#8243; tablet_land=&#8221;3&#8243; tablet_portrait=&#8221;2&#8243; mobile=&#8221;2&#8243;][\/vc_column][\/vc_row][vc_row css=&#8221;.vc_custom_1533287209675{margin-top: 18px !important;}&#8221;][vc_column][vc_custom_heading text=&#8221;#XStoretheme&#8221; font_container=&#8221;tag:h2|font_size:24px|text_align:center|line_height:1.6&#8243; use_theme_fonts=&#8221;yes&#8221; css=&#8221;.vc_custom_1533196321090{margin-top: 1vw !important;margin-bottom: 0px !important;}&#8221;][vc_column_text css=&#8221;.vc_custom_1534840418417{margin-bottom: 12px !important;}&#8221;]<\/p>\n<p style=\"text-align: center;\">This is our collaboration with you\u2014share your story, share your style, share your creativity with #XSTOREtheme<\/p>\n<p>[\/vc_column_text][instagram size=&#8221;large&#8221; columns=&#8221;4&#8243; slider=&#8221;1&#8243; ajax=&#8221;1&#8243; slider_loop=&#8221;yes&#8221; username=&#8221;madewell&#8221; large=&#8221;4&#8243; notebook=&#8221;4&#8243; tablet_land=&#8221;3&#8243; tablet_portrait=&#8221;2&#8243; mobile=&#8221;2&#8243; number=&#8221;10&#8243;][vc_column_text el_class=&#8221;text-center&#8221; css=&#8221;.vc_custom_1534516013988{margin-top: 24px !important;margin-bottom: 0px !important;}&#8221;][button et_class=&#8221;&#8221; target=&#8221;_blank&#8221; style=&#8221;medium black&#8221; url=&#8221;https:\/\/www.instagram.com\/explore\/tags\/fashionstyle\/&#8221; icon=&#8221;instagram&#8221; title=&#8221;follow us&#8221;][\/vc_column_text][\/vc_column][\/vc_row]<\/p>\n","protected":false},"excerpt":{"rendered":"<p>[vc_row full_width=&#8221;stretch_row_content_no_spaces&#8221;][vc_column][etheme_slider height=&#8221;custom&#8221; nav_color=&#8221;#222222&#8243; slider_autoplay=&#8221;yes&#8221; slider_loop=&#8221;yes&#8221; height_value=&#8221;580px&#8221; bg_color=&#8221;#f9f7f8&#8243;][etheme_slider_item content_width=&#8221;50&#8243; v_align=&#8221;center&#8221; text_align=&#8221;center&#8221; background_position=&#8221;center&#8221; button_animation=&#8221;fadeIn&#8221; title_font_container=&#8221;tag:h2&#8243; title_use_theme_fonts=&#8221;yes&#8221; title_css_animation=&#8221;fadeInUp&#8221; subtitle_font_container=&#8221;tag:p&#8221; subtitle_use_theme_fonts=&#8221;yes&#8221; subtitle_css_animation=&#8221;fadeInUp&#8221; use_custom_fonts_title=&#8221;true&#8221; use_custom_fonts_subtitle=&#8221;true&#8221; title=&#8221;Summer\u2019s hot list&#8221; bg_img=&#8221;4354&#8243; size=&#8221;42px&#8221; subtitle=&#8221;Trend of the week: That &#8217;90s wow&#8221; button_link=&#8221;url:https%3A%2F%2Fxstore.8theme.com%2Fshop%2F|title:Buy%20it|target:%20_blank|&#8221; button_color=&#8221;#ffffff&#8221; button_bg=&#8221;#222222&#8243; subtitle_size=&#8221;16px&#8221; button_paddings=&#8221;10px 30px&#8221; button_margins=&#8221;18px 0px 0px 0px&#8221; line_height=&#8221;1.2&#8243; subtitle_line_height=&#8221;2.2&#8243; css=&#8221;.vc_custom_1534943230626{padding-top: 11vw !important;padding-bottom: 11vw !important;}&#8221; button_animation_delay=&#8221;500&#8243; subtitle_animation_delay=&#8221;300&#8243;][\/etheme_slider_item][etheme_slider_item content_width=&#8221;50&#8243; align=&#8221;end&#8221; v_align=&#8221;center&#8221; [&hellip;]<\/p>\n","protected":false},"author":1,"featured_media":0,"parent":0,"menu_order":0,"comment_status":"closed","ping_status":"closed","template":"","meta":{"_exactmetrics_skip_tracking":false,"_exactmetrics_sitenote_active":false,"_exactmetrics_sitenote_note":"","_exactmetrics_sitenote_category":0,"_monsterinsights_skip_tracking":false,"_monsterinsights_sitenote_active":false,"_monsterinsights_sitenote_note":"","_monsterinsights_sitenote_category":0,"footnotes":""},"class_list":["post-2170","page","type-page","status-publish","hentry"],"yoast_head":"<!-- This site is optimized with the Yoast SEO plugin v27.5 - https:\/\/yoast.com\/product\/yoast-seo-wordpress\/ -->\n<title>Home default - Novaflex Carteira para motorista deficiente f\u00edsico em S\u00e3o Paulo Bresser Mooca Tatuape Vila prudente<\/title>\n<meta name=\"robots\" content=\"index, follow, max-snippet:-1, max-image-preview:large, max-video-preview:-1\" \/>\n<link rel=\"canonical\" href=\"https:\/\/novaflexisencao.com.br\/?page_id=2170\" \/>\n<meta property=\"og:locale\" content=\"pt_BR\" \/>\n<meta property=\"og:type\" content=\"article\" \/>\n<meta property=\"og:title\" content=\"Home default - Novaflex Carteira para motorista deficiente f\u00edsico em S\u00e3o Paulo Bresser Mooca Tatuape Vila prudente\" \/>\n<meta property=\"og:description\" content=\"[vc_row full_width=&#8221;stretch_row_content_no_spaces&#8221;][vc_column][etheme_slider height=&#8221;custom&#8221; nav_color=&#8221;#222222&#8243; slider_autoplay=&#8221;yes&#8221; slider_loop=&#8221;yes&#8221; height_value=&#8221;580px&#8221; bg_color=&#8221;#f9f7f8&#8243;][etheme_slider_item content_width=&#8221;50&#8243; v_align=&#8221;center&#8221; text_align=&#8221;center&#8221; background_position=&#8221;center&#8221; button_animation=&#8221;fadeIn&#8221; title_font_container=&#8221;tag:h2&#8243; title_use_theme_fonts=&#8221;yes&#8221; title_css_animation=&#8221;fadeInUp&#8221; subtitle_font_container=&#8221;tag:p&#8221; subtitle_use_theme_fonts=&#8221;yes&#8221; subtitle_css_animation=&#8221;fadeInUp&#8221; use_custom_fonts_title=&#8221;true&#8221; use_custom_fonts_subtitle=&#8221;true&#8221; title=&#8221;Summer\u2019s hot list&#8221; bg_img=&#8221;4354&#8243; size=&#8221;42px&#8221; subtitle=&#8221;Trend of the week: That &#8217;90s wow&#8221; button_link=&#8221;url:https%3A%2F%2Fxstore.8theme.com%2Fshop%2F|title:Buy%20it|target:%20_blank|&#8221; button_color=&#8221;#ffffff&#8221; button_bg=&#8221;#222222&#8243; subtitle_size=&#8221;16px&#8221; button_paddings=&#8221;10px 30px&#8221; button_margins=&#8221;18px 0px 0px 0px&#8221; line_height=&#8221;1.2&#8243; subtitle_line_height=&#8221;2.2&#8243; css=&#8221;.vc_custom_1534943230626{padding-top: 11vw !important;padding-bottom: 11vw !important;}&#8221; button_animation_delay=&#8221;500&#8243; subtitle_animation_delay=&#8221;300&#8243;][\/etheme_slider_item][etheme_slider_item content_width=&#8221;50&#8243; align=&#8221;end&#8221; v_align=&#8221;center&#8221; [&hellip;]\" \/>\n<meta property=\"og:url\" content=\"https:\/\/novaflexisencao.com.br\/?page_id=2170\" \/>\n<meta property=\"og:site_name\" content=\"Novaflex Carteira para motorista deficiente f\u00edsico em S\u00e3o Paulo Bresser Mooca Tatuape Vila prudente\" \/>\n<meta name=\"twitter:card\" content=\"summary_large_image\" \/>\n<meta name=\"twitter:label1\" content=\"Est. tempo de leitura\" \/>\n\t<meta name=\"twitter:data1\" content=\"4 minutos\" \/>\n<script type=\"application\/ld+json\" class=\"yoast-schema-graph\">{\"@context\":\"https:\\\/\\\/schema.org\",\"@graph\":[{\"@type\":\"WebPage\",\"@id\":\"https:\\\/\\\/novaflexisencao.com.br\\\/?page_id=2170\",\"url\":\"https:\\\/\\\/novaflexisencao.com.br\\\/?page_id=2170\",\"name\":\"Home default - Novaflex Carteira para motorista deficiente f\u00edsico em S\u00e3o Paulo Bresser Mooca Tatuape Vila prudente\",\"isPartOf\":{\"@id\":\"https:\\\/\\\/novaflexisencao.com.br\\\/#website\"},\"datePublished\":\"2016-05-23T08:59:13+00:00\",\"breadcrumb\":{\"@id\":\"https:\\\/\\\/novaflexisencao.com.br\\\/?page_id=2170#breadcrumb\"},\"inLanguage\":\"pt-BR\",\"potentialAction\":[{\"@type\":\"ReadAction\",\"target\":[\"https:\\\/\\\/novaflexisencao.com.br\\\/?page_id=2170\"]}]},{\"@type\":\"BreadcrumbList\",\"@id\":\"https:\\\/\\\/novaflexisencao.com.br\\\/?page_id=2170#breadcrumb\",\"itemListElement\":[{\"@type\":\"ListItem\",\"position\":1,\"name\":\"In\u00edcio\",\"item\":\"https:\\\/\\\/novaflexisencao.com.br\\\/\"},{\"@type\":\"ListItem\",\"position\":2,\"name\":\"Home default\"}]},{\"@type\":\"WebSite\",\"@id\":\"https:\\\/\\\/novaflexisencao.com.br\\\/#website\",\"url\":\"https:\\\/\\\/novaflexisencao.com.br\\\/\",\"name\":\"Novaflex Carteira para motorista deficiente f\u00edsico em S\u00e3o Paulo Bresser Mooca Tatuape Vila prudente\",\"description\":\"Carteira para motorista deficiente f\u00edsico\",\"potentialAction\":[{\"@type\":\"SearchAction\",\"target\":{\"@type\":\"EntryPoint\",\"urlTemplate\":\"https:\\\/\\\/novaflexisencao.com.br\\\/?s={search_term_string}\"},\"query-input\":{\"@type\":\"PropertyValueSpecification\",\"valueRequired\":true,\"valueName\":\"search_term_string\"}}],\"inLanguage\":\"pt-BR\"}]}<\/script>\n<!-- \/ Yoast SEO plugin. -->","yoast_head_json":{"title":"Home default - Novaflex Carteira para motorista deficiente f\u00edsico em S\u00e3o Paulo Bresser Mooca Tatuape Vila prudente","robots":{"index":"index","follow":"follow","max-snippet":"max-snippet:-1","max-image-preview":"max-image-preview:large","max-video-preview":"max-video-preview:-1"},"canonical":"https:\/\/novaflexisencao.com.br\/?page_id=2170","og_locale":"pt_BR","og_type":"article","og_title":"Home default - Novaflex Carteira para motorista deficiente f\u00edsico em S\u00e3o Paulo Bresser Mooca Tatuape Vila prudente","og_description":"[vc_row full_width=&#8221;stretch_row_content_no_spaces&#8221;][vc_column][etheme_slider height=&#8221;custom&#8221; nav_color=&#8221;#222222&#8243; slider_autoplay=&#8221;yes&#8221; slider_loop=&#8221;yes&#8221; height_value=&#8221;580px&#8221; bg_color=&#8221;#f9f7f8&#8243;][etheme_slider_item content_width=&#8221;50&#8243; v_align=&#8221;center&#8221; text_align=&#8221;center&#8221; background_position=&#8221;center&#8221; button_animation=&#8221;fadeIn&#8221; title_font_container=&#8221;tag:h2&#8243; title_use_theme_fonts=&#8221;yes&#8221; title_css_animation=&#8221;fadeInUp&#8221; subtitle_font_container=&#8221;tag:p&#8221; subtitle_use_theme_fonts=&#8221;yes&#8221; subtitle_css_animation=&#8221;fadeInUp&#8221; use_custom_fonts_title=&#8221;true&#8221; use_custom_fonts_subtitle=&#8221;true&#8221; title=&#8221;Summer\u2019s hot list&#8221; bg_img=&#8221;4354&#8243; size=&#8221;42px&#8221; subtitle=&#8221;Trend of the week: That &#8217;90s wow&#8221; button_link=&#8221;url:https%3A%2F%2Fxstore.8theme.com%2Fshop%2F|title:Buy%20it|target:%20_blank|&#8221; button_color=&#8221;#ffffff&#8221; button_bg=&#8221;#222222&#8243; subtitle_size=&#8221;16px&#8221; button_paddings=&#8221;10px 30px&#8221; button_margins=&#8221;18px 0px 0px 0px&#8221; line_height=&#8221;1.2&#8243; subtitle_line_height=&#8221;2.2&#8243; css=&#8221;.vc_custom_1534943230626{padding-top: 11vw !important;padding-bottom: 11vw !important;}&#8221; button_animation_delay=&#8221;500&#8243; subtitle_animation_delay=&#8221;300&#8243;][\/etheme_slider_item][etheme_slider_item content_width=&#8221;50&#8243; align=&#8221;end&#8221; v_align=&#8221;center&#8221; [&hellip;]","og_url":"https:\/\/novaflexisencao.com.br\/?page_id=2170","og_site_name":"Novaflex Carteira para motorista deficiente f\u00edsico em S\u00e3o Paulo Bresser Mooca Tatuape Vila prudente","twitter_card":"summary_large_image","twitter_misc":{"Est. tempo de leitura":"4 minutos"},"schema":{"@context":"https:\/\/schema.org","@graph":[{"@type":"WebPage","@id":"https:\/\/novaflexisencao.com.br\/?page_id=2170","url":"https:\/\/novaflexisencao.com.br\/?page_id=2170","name":"Home default - Novaflex Carteira para motorista deficiente f\u00edsico em S\u00e3o Paulo Bresser Mooca Tatuape Vila prudente","isPartOf":{"@id":"https:\/\/novaflexisencao.com.br\/#website"},"datePublished":"2016-05-23T08:59:13+00:00","breadcrumb":{"@id":"https:\/\/novaflexisencao.com.br\/?page_id=2170#breadcrumb"},"inLanguage":"pt-BR","potentialAction":[{"@type":"ReadAction","target":["https:\/\/novaflexisencao.com.br\/?page_id=2170"]}]},{"@type":"BreadcrumbList","@id":"https:\/\/novaflexisencao.com.br\/?page_id=2170#breadcrumb","itemListElement":[{"@type":"ListItem","position":1,"name":"In\u00edcio","item":"https:\/\/novaflexisencao.com.br\/"},{"@type":"ListItem","position":2,"name":"Home default"}]},{"@type":"WebSite","@id":"https:\/\/novaflexisencao.com.br\/#website","url":"https:\/\/novaflexisencao.com.br\/","name":"Novaflex Carteira para motorista deficiente f\u00edsico em S\u00e3o Paulo Bresser Mooca Tatuape Vila prudente","description":"Carteira para motorista deficiente f\u00edsico","potentialAction":[{"@type":"SearchAction","target":{"@type":"EntryPoint","urlTemplate":"https:\/\/novaflexisencao.com.br\/?s={search_term_string}"},"query-input":{"@type":"PropertyValueSpecification","valueRequired":true,"valueName":"search_term_string"}}],"inLanguage":"pt-BR"}]}},"_links":{"self":[{"href":"https:\/\/novaflexisencao.com.br\/index.php?rest_route=\/wp\/v2\/pages\/2170","targetHints":{"allow":["GET"]}}],"collection":[{"href":"https:\/\/novaflexisencao.com.br\/index.php?rest_route=\/wp\/v2\/pages"}],"about":[{"href":"https:\/\/novaflexisencao.com.br\/index.php?rest_route=\/wp\/v2\/types\/page"}],"author":[{"embeddable":true,"href":"https:\/\/novaflexisencao.com.br\/index.php?rest_route=\/wp\/v2\/users\/1"}],"replies":[{"embeddable":true,"href":"https:\/\/novaflexisencao.com.br\/index.php?rest_route=%2Fwp%2Fv2%2Fcomments&post=2170"}],"version-history":[{"count":0,"href":"https:\/\/novaflexisencao.com.br\/index.php?rest_route=\/wp\/v2\/pages\/2170\/revisions"}],"wp:attachment":[{"href":"https:\/\/novaflexisencao.com.br\/index.php?rest_route=%2Fwp%2Fv2%2Fmedia&parent=2170"}],"curies":[{"name":"wp","href":"https:\/\/api.w.org\/{rel}","templated":true}]}}