{"id":4060,"date":"2016-05-23T09:27:00","date_gmt":"2016-05-23T09:27:00","guid":{"rendered":"http:\/\/8theme.com\/import\/xstore\/?page_id=4060"},"modified":"2016-05-23T09:27:00","modified_gmt":"2016-05-23T09:27:00","slug":"portfolio","status":"publish","type":"page","link":"https:\/\/novaflexisencao.com.br\/?page_id=4060","title":{"rendered":"Portfolio"},"content":{"rendered":"","protected":false},"excerpt":{"rendered":"","protected":false},"author":1,"featured_media":0,"parent":0,"menu_order":0,"comment_status":"closed","ping_status":"closed","template":"portfolio.php","meta":{"_exactmetrics_skip_tracking":false,"_exactmetrics_sitenote_active":false,"_exactmetrics_sitenote_note":"","_exactmetrics_sitenote_category":0,"_monsterinsights_skip_tracking":false,"_monsterinsights_sitenote_active":false,"_monsterinsights_sitenote_note":"","_monsterinsights_sitenote_category":0,"footnotes":""},"class_list":["post-4060","page","type-page","status-publish","hentry"],"yoast_head":"<!-- This site is optimized with the Yoast SEO plugin v27.5 - https:\/\/yoast.com\/product\/yoast-seo-wordpress\/ -->\n<title>Portfolio - Novaflex Carteira para motorista deficiente f\u00edsico em S\u00e3o Paulo Bresser Mooca Tatuape Vila prudente<\/title>\n<meta name=\"robots\" content=\"index, follow, max-snippet:-1, max-image-preview:large, max-video-preview:-1\" \/>\n<link rel=\"canonical\" href=\"https:\/\/novaflexisencao.com.br\/?page_id=4060\" \/>\n<meta property=\"og:locale\" content=\"pt_BR\" \/>\n<meta property=\"og:type\" content=\"article\" \/>\n<meta property=\"og:title\" content=\"Portfolio - Novaflex Carteira para motorista deficiente f\u00edsico em S\u00e3o Paulo Bresser Mooca Tatuape Vila prudente\" \/>\n<meta property=\"og:url\" content=\"https:\/\/novaflexisencao.com.br\/?page_id=4060\" \/>\n<meta property=\"og:site_name\" content=\"Novaflex Carteira para motorista deficiente f\u00edsico em S\u00e3o Paulo Bresser Mooca Tatuape Vila prudente\" \/>\n<meta name=\"twitter:card\" content=\"summary_large_image\" \/>\n<script type=\"application\/ld+json\" class=\"yoast-schema-graph\">{\"@context\":\"https:\\\/\\\/schema.org\",\"@graph\":[{\"@type\":\"WebPage\",\"@id\":\"https:\\\/\\\/novaflexisencao.com.br\\\/?page_id=4060\",\"url\":\"https:\\\/\\\/novaflexisencao.com.br\\\/?page_id=4060\",\"name\":\"Portfolio - Novaflex Carteira para motorista deficiente f\u00edsico em S\u00e3o Paulo Bresser Mooca Tatuape Vila prudente\",\"isPartOf\":{\"@id\":\"https:\\\/\\\/novaflexisencao.com.br\\\/#website\"},\"datePublished\":\"2016-05-23T09:27:00+00:00\",\"breadcrumb\":{\"@id\":\"https:\\\/\\\/novaflexisencao.com.br\\\/?page_id=4060#breadcrumb\"},\"inLanguage\":\"pt-BR\",\"potentialAction\":[{\"@type\":\"ReadAction\",\"target\":[\"https:\\\/\\\/novaflexisencao.com.br\\\/?page_id=4060\"]}]},{\"@type\":\"BreadcrumbList\",\"@id\":\"https:\\\/\\\/novaflexisencao.com.br\\\/?page_id=4060#breadcrumb\",\"itemListElement\":[{\"@type\":\"ListItem\",\"position\":1,\"name\":\"In\u00edcio\",\"item\":\"https:\\\/\\\/novaflexisencao.com.br\\\/\"},{\"@type\":\"ListItem\",\"position\":2,\"name\":\"Portfolio\"}]},{\"@type\":\"WebSite\",\"@id\":\"https:\\\/\\\/novaflexisencao.com.br\\\/#website\",\"url\":\"https:\\\/\\\/novaflexisencao.com.br\\\/\",\"name\":\"Novaflex Carteira para motorista deficiente f\u00edsico em S\u00e3o Paulo Bresser Mooca Tatuape Vila prudente\",\"description\":\"Carteira para motorista deficiente f\u00edsico\",\"potentialAction\":[{\"@type\":\"SearchAction\",\"target\":{\"@type\":\"EntryPoint\",\"urlTemplate\":\"https:\\\/\\\/novaflexisencao.com.br\\\/?s={search_term_string}\"},\"query-input\":{\"@type\":\"PropertyValueSpecification\",\"valueRequired\":true,\"valueName\":\"search_term_string\"}}],\"inLanguage\":\"pt-BR\"}]}<\/script>\n<!-- \/ Yoast SEO plugin. -->","yoast_head_json":{"title":"Portfolio - Novaflex Carteira para motorista deficiente f\u00edsico em S\u00e3o Paulo Bresser Mooca Tatuape Vila prudente","robots":{"index":"index","follow":"follow","max-snippet":"max-snippet:-1","max-image-preview":"max-image-preview:large","max-video-preview":"max-video-preview:-1"},"canonical":"https:\/\/novaflexisencao.com.br\/?page_id=4060","og_locale":"pt_BR","og_type":"article","og_title":"Portfolio - Novaflex Carteira para motorista deficiente f\u00edsico em S\u00e3o Paulo Bresser Mooca Tatuape Vila prudente","og_url":"https:\/\/novaflexisencao.com.br\/?page_id=4060","og_site_name":"Novaflex Carteira para motorista deficiente f\u00edsico em S\u00e3o Paulo Bresser Mooca Tatuape Vila prudente","twitter_card":"summary_large_image","schema":{"@context":"https:\/\/schema.org","@graph":[{"@type":"WebPage","@id":"https:\/\/novaflexisencao.com.br\/?page_id=4060","url":"https:\/\/novaflexisencao.com.br\/?page_id=4060","name":"Portfolio - Novaflex Carteira para motorista deficiente f\u00edsico em S\u00e3o Paulo Bresser Mooca Tatuape Vila prudente","isPartOf":{"@id":"https:\/\/novaflexisencao.com.br\/#website"},"datePublished":"2016-05-23T09:27:00+00:00","breadcrumb":{"@id":"https:\/\/novaflexisencao.com.br\/?page_id=4060#breadcrumb"},"inLanguage":"pt-BR","potentialAction":[{"@type":"ReadAction","target":["https:\/\/novaflexisencao.com.br\/?page_id=4060"]}]},{"@type":"BreadcrumbList","@id":"https:\/\/novaflexisencao.com.br\/?page_id=4060#breadcrumb","itemListElement":[{"@type":"ListItem","position":1,"name":"In\u00edcio","item":"https:\/\/novaflexisencao.com.br\/"},{"@type":"ListItem","position":2,"name":"Portfolio"}]},{"@type":"WebSite","@id":"https:\/\/novaflexisencao.com.br\/#website","url":"https:\/\/novaflexisencao.com.br\/","name":"Novaflex Carteira para motorista deficiente f\u00edsico em S\u00e3o Paulo Bresser Mooca Tatuape Vila prudente","description":"Carteira para motorista deficiente f\u00edsico","potentialAction":[{"@type":"SearchAction","target":{"@type":"EntryPoint","urlTemplate":"https:\/\/novaflexisencao.com.br\/?s={search_term_string}"},"query-input":{"@type":"PropertyValueSpecification","valueRequired":true,"valueName":"search_term_string"}}],"inLanguage":"pt-BR"}]}},"_links":{"self":[{"href":"https:\/\/novaflexisencao.com.br\/index.php?rest_route=\/wp\/v2\/pages\/4060","targetHints":{"allow":["GET"]}}],"collection":[{"href":"https:\/\/novaflexisencao.com.br\/index.php?rest_route=\/wp\/v2\/pages"}],"about":[{"href":"https:\/\/novaflexisencao.com.br\/index.php?rest_route=\/wp\/v2\/types\/page"}],"author":[{"embeddable":true,"href":"https:\/\/novaflexisencao.com.br\/index.php?rest_route=\/wp\/v2\/users\/1"}],"replies":[{"embeddable":true,"href":"https:\/\/novaflexisencao.com.br\/index.php?rest_route=%2Fwp%2Fv2%2Fcomments&post=4060"}],"version-history":[{"count":0,"href":"https:\/\/novaflexisencao.com.br\/index.php?rest_route=\/wp\/v2\/pages\/4060\/revisions"}],"wp:attachment":[{"href":"https:\/\/novaflexisencao.com.br\/index.php?rest_route=%2Fwp%2Fv2%2Fmedia&parent=4060"}],"curies":[{"name":"wp","href":"https:\/\/api.w.org\/{rel}","templated":true}]}}