{"id":8284,"date":"2019-05-22T19:08:38","date_gmt":"2019-05-22T19:08:38","guid":{"rendered":"https:\/\/novaflexisencao.com.br\/\/?page_id=8284"},"modified":"2019-05-22T19:12:34","modified_gmt":"2019-05-22T19:12:34","slug":"evento","status":"publish","type":"page","link":"https:\/\/novaflexisencao.com.br\/?page_id=8284","title":{"rendered":"evento"},"content":{"rendered":"<p>[vc_row][vc_column][vc_column_text]{EVRREGIS}[\/vc_column_text][\/vc_column][\/vc_row]<\/p>\n","protected":false},"excerpt":{"rendered":"<p>[vc_row][vc_column][vc_column_text]{EVRREGIS}[\/vc_column_text][\/vc_column][\/vc_row]<\/p>\n","protected":false},"author":1,"featured_media":0,"parent":0,"menu_order":0,"comment_status":"closed","ping_status":"closed","template":"","meta":{"_exactmetrics_skip_tracking":false,"_exactmetrics_sitenote_active":false,"_exactmetrics_sitenote_note":"","_exactmetrics_sitenote_category":0,"_monsterinsights_skip_tracking":false,"_monsterinsights_sitenote_active":false,"_monsterinsights_sitenote_note":"","_monsterinsights_sitenote_category":0,"footnotes":""},"class_list":["post-8284","page","type-page","status-publish","hentry"],"yoast_head":"<!-- This site is optimized with the Yoast SEO plugin v27.5 - https:\/\/yoast.com\/product\/yoast-seo-wordpress\/ -->\n<title>evento - Novaflex Carteira para motorista deficiente f\u00edsico em S\u00e3o Paulo Bresser Mooca Tatuape Vila prudente<\/title>\n<meta name=\"robots\" content=\"index, follow, max-snippet:-1, max-image-preview:large, max-video-preview:-1\" \/>\n<link rel=\"canonical\" href=\"https:\/\/novaflexisencao.com.br\/?page_id=8284\" \/>\n<meta property=\"og:locale\" content=\"pt_BR\" \/>\n<meta property=\"og:type\" content=\"article\" \/>\n<meta property=\"og:title\" content=\"evento - Novaflex Carteira para motorista deficiente f\u00edsico em S\u00e3o Paulo Bresser Mooca Tatuape Vila prudente\" \/>\n<meta property=\"og:description\" content=\"[vc_row][vc_column][vc_column_text]{EVRREGIS}[\/vc_column_text][\/vc_column][\/vc_row]\" \/>\n<meta property=\"og:url\" content=\"https:\/\/novaflexisencao.com.br\/?page_id=8284\" \/>\n<meta property=\"og:site_name\" content=\"Novaflex Carteira para motorista deficiente f\u00edsico em S\u00e3o Paulo Bresser Mooca Tatuape Vila prudente\" \/>\n<meta property=\"article:modified_time\" content=\"2019-05-22T19:12:34+00:00\" \/>\n<meta name=\"twitter:card\" content=\"summary_large_image\" \/>\n<script type=\"application\/ld+json\" class=\"yoast-schema-graph\">{\"@context\":\"https:\\\/\\\/schema.org\",\"@graph\":[{\"@type\":\"WebPage\",\"@id\":\"https:\\\/\\\/novaflexisencao.com.br\\\/?page_id=8284\",\"url\":\"https:\\\/\\\/novaflexisencao.com.br\\\/?page_id=8284\",\"name\":\"evento - Novaflex Carteira para motorista deficiente f\u00edsico em S\u00e3o Paulo Bresser Mooca Tatuape Vila prudente\",\"isPartOf\":{\"@id\":\"https:\\\/\\\/novaflexisencao.com.br\\\/#website\"},\"datePublished\":\"2019-05-22T19:08:38+00:00\",\"dateModified\":\"2019-05-22T19:12:34+00:00\",\"breadcrumb\":{\"@id\":\"https:\\\/\\\/novaflexisencao.com.br\\\/?page_id=8284#breadcrumb\"},\"inLanguage\":\"pt-BR\",\"potentialAction\":[{\"@type\":\"ReadAction\",\"target\":[\"https:\\\/\\\/novaflexisencao.com.br\\\/?page_id=8284\"]}]},{\"@type\":\"BreadcrumbList\",\"@id\":\"https:\\\/\\\/novaflexisencao.com.br\\\/?page_id=8284#breadcrumb\",\"itemListElement\":[{\"@type\":\"ListItem\",\"position\":1,\"name\":\"In\u00edcio\",\"item\":\"https:\\\/\\\/novaflexisencao.com.br\\\/\"},{\"@type\":\"ListItem\",\"position\":2,\"name\":\"evento\"}]},{\"@type\":\"WebSite\",\"@id\":\"https:\\\/\\\/novaflexisencao.com.br\\\/#website\",\"url\":\"https:\\\/\\\/novaflexisencao.com.br\\\/\",\"name\":\"Novaflex Carteira para motorista deficiente f\u00edsico em S\u00e3o Paulo Bresser Mooca Tatuape Vila prudente\",\"description\":\"Carteira para motorista deficiente f\u00edsico\",\"potentialAction\":[{\"@type\":\"SearchAction\",\"target\":{\"@type\":\"EntryPoint\",\"urlTemplate\":\"https:\\\/\\\/novaflexisencao.com.br\\\/?s={search_term_string}\"},\"query-input\":{\"@type\":\"PropertyValueSpecification\",\"valueRequired\":true,\"valueName\":\"search_term_string\"}}],\"inLanguage\":\"pt-BR\"}]}<\/script>\n<!-- \/ Yoast SEO plugin. -->","yoast_head_json":{"title":"evento - Novaflex Carteira para motorista deficiente f\u00edsico em S\u00e3o Paulo Bresser Mooca Tatuape Vila prudente","robots":{"index":"index","follow":"follow","max-snippet":"max-snippet:-1","max-image-preview":"max-image-preview:large","max-video-preview":"max-video-preview:-1"},"canonical":"https:\/\/novaflexisencao.com.br\/?page_id=8284","og_locale":"pt_BR","og_type":"article","og_title":"evento - Novaflex Carteira para motorista deficiente f\u00edsico em S\u00e3o Paulo Bresser Mooca Tatuape Vila prudente","og_description":"[vc_row][vc_column][vc_column_text]{EVRREGIS}[\/vc_column_text][\/vc_column][\/vc_row]","og_url":"https:\/\/novaflexisencao.com.br\/?page_id=8284","og_site_name":"Novaflex Carteira para motorista deficiente f\u00edsico em S\u00e3o Paulo Bresser Mooca Tatuape Vila prudente","article_modified_time":"2019-05-22T19:12:34+00:00","twitter_card":"summary_large_image","schema":{"@context":"https:\/\/schema.org","@graph":[{"@type":"WebPage","@id":"https:\/\/novaflexisencao.com.br\/?page_id=8284","url":"https:\/\/novaflexisencao.com.br\/?page_id=8284","name":"evento - Novaflex Carteira para motorista deficiente f\u00edsico em S\u00e3o Paulo Bresser Mooca Tatuape Vila prudente","isPartOf":{"@id":"https:\/\/novaflexisencao.com.br\/#website"},"datePublished":"2019-05-22T19:08:38+00:00","dateModified":"2019-05-22T19:12:34+00:00","breadcrumb":{"@id":"https:\/\/novaflexisencao.com.br\/?page_id=8284#breadcrumb"},"inLanguage":"pt-BR","potentialAction":[{"@type":"ReadAction","target":["https:\/\/novaflexisencao.com.br\/?page_id=8284"]}]},{"@type":"BreadcrumbList","@id":"https:\/\/novaflexisencao.com.br\/?page_id=8284#breadcrumb","itemListElement":[{"@type":"ListItem","position":1,"name":"In\u00edcio","item":"https:\/\/novaflexisencao.com.br\/"},{"@type":"ListItem","position":2,"name":"evento"}]},{"@type":"WebSite","@id":"https:\/\/novaflexisencao.com.br\/#website","url":"https:\/\/novaflexisencao.com.br\/","name":"Novaflex Carteira para motorista deficiente f\u00edsico em S\u00e3o Paulo Bresser Mooca Tatuape Vila prudente","description":"Carteira para motorista deficiente f\u00edsico","potentialAction":[{"@type":"SearchAction","target":{"@type":"EntryPoint","urlTemplate":"https:\/\/novaflexisencao.com.br\/?s={search_term_string}"},"query-input":{"@type":"PropertyValueSpecification","valueRequired":true,"valueName":"search_term_string"}}],"inLanguage":"pt-BR"}]}},"_links":{"self":[{"href":"https:\/\/novaflexisencao.com.br\/index.php?rest_route=\/wp\/v2\/pages\/8284","targetHints":{"allow":["GET"]}}],"collection":[{"href":"https:\/\/novaflexisencao.com.br\/index.php?rest_route=\/wp\/v2\/pages"}],"about":[{"href":"https:\/\/novaflexisencao.com.br\/index.php?rest_route=\/wp\/v2\/types\/page"}],"author":[{"embeddable":true,"href":"https:\/\/novaflexisencao.com.br\/index.php?rest_route=\/wp\/v2\/users\/1"}],"replies":[{"embeddable":true,"href":"https:\/\/novaflexisencao.com.br\/index.php?rest_route=%2Fwp%2Fv2%2Fcomments&post=8284"}],"version-history":[{"count":0,"href":"https:\/\/novaflexisencao.com.br\/index.php?rest_route=\/wp\/v2\/pages\/8284\/revisions"}],"wp:attachment":[{"href":"https:\/\/novaflexisencao.com.br\/index.php?rest_route=%2Fwp%2Fv2%2Fmedia&parent=8284"}],"curies":[{"name":"wp","href":"https:\/\/api.w.org\/{rel}","templated":true}]}}